{"id":12,"date":"2011-03-28T10:46:49","date_gmt":"2011-03-28T10:46:49","guid":{"rendered":"http:\/\/polsterer.co.at\/var\/www\/vhosts\/polsterer.co.at\/polstererBKP2202\/cms-ah\/?page_id=12"},"modified":"2012-09-05T17:49:29","modified_gmt":"2012-09-05T17:49:29","slug":"leistungen","status":"publish","type":"page","link":"https:\/\/polsterer.co.at\/cms-ah\/leistungen\/","title":{"rendered":"Leistungen"},"content":{"rendered":"<p style=\"text-align: justify;\">&nbsp;<\/p>\n<p style=\"text-align: justify;\">Wir garantieren unseren Kunden eine effiziente Ernte\u00fcbernahme, sowie eine exakte Trennung der Qualit\u00e4ten und jederzeitige R\u00fcckverfolgbarkeit der einzelnen Warenpartien. Unser Unternehmen kann gleichzeitig \u00fcber 12 unabh\u00e4ngige, leistungsstarke Getreideannahmestellen an 5 Betriebsstandorten, verteilt auf das Wiener Becken, jederzeit unterschiedlichste Getreidearten aufnehmen.<\/p>\n<p><img src=\"http:\/\/www.polsterer.co.at\/bilder_polsterer\/wm-leistungen.png\" alt=\"\" \/><\/p>\n<p style=\"text-align: justify;\">&nbsp;<\/p>\n<p style=\"text-align: justify;\"><strong>Vermarktung:<\/strong><\/p>\n<p style=\"text-align: justify;\">Wir sind spezialisiert auf die Vermarktung von qualitativ hochwertigem, kontrolliertem Getreide und \u00d6lsaaten aus \u00d6sterreich, Ungarn und der Slowakei. Unser Unternehmen verf\u00fcgt seit vielen Jahren \u00fcber ausgezeichnete Gesch\u00e4ftsverbindungen zu den wichtigsten Getreidem\u00fchlen, M\u00e4lzereien, \u00d6lm\u00fchlen und Futtermittelproduzenten in Mitteleuropa.<\/p>\n<p style=\"text-align: justify;\"><strong><br \/>\nBeratung:<\/strong><\/p>\n<p style=\"text-align: justify;\">Unsere fachkundigen Mitarbeiter mit langj\u00e4hriger Erfahrung und laufender Schulung stehen Ihnen mit pers\u00f6nlicher Beratung und Service immer gerne zur Seite. Ob f\u00fcrFragen zum effizienten Pflanzenschutz, D\u00fcngeempfehlungen oder bei der Wahl der geeigneten Saatgutsorte, einer unserer Kundenberater steht immer gerne zu Ihrer Verf\u00fcgung. In die fachkundige Beratung flie\u00dfen auch die wertvollen Erfahrungen aus der langj\u00e4hrigen Bewirtschaftung firmeneigener Landwirtschaftsbetriebe mit ein.<\/p>\n<p style=\"text-align: justify;\"><strong><br \/>\nLagerung:<\/strong><\/p>\n<p style=\"text-align: justify;\">Die Getreidelagerkapazit\u00e4t unserer Siloanlagen und Lagerhallen mit Bahnanschl\u00fcssen an der S\u00fcd- und Ostbahn betr\u00e4gt aktuell rund 37.000 Tonnen an 5 Standorten und verf\u00fcgt \u00fcber Kaltluftgebl\u00e4seanschl\u00fcsse und ferngesteuerte Temperatur\u00fcberwachung. Die ca. 140 separaten Lagerpl\u00e4tze erm\u00f6glichen die pr\u00e4zise und flexible Lagerung von Sch\u00fcttg\u00fctern jeder Charge, sowie die durchgehende Homogenisierung von Getreidepartien vor der Auslagerung bzw. Verarbeitung.<\/p>\n<p style=\"text-align: justify;\">&nbsp;<\/p>\n<p style=\"text-align: justify;\"><img loading=\"lazy\" class=\"alignnone\" style=\"border: 1px solid black;\" src=\"http:\/\/www.polsterer.co.at\/cms-wm\/wp-content\/bilder\/lagerbetrieb.png\" alt=\"\" width=\"500\" height=\"200\" \/><\/p>\n<p style=\"text-align: justify;\">&nbsp;<\/p>\n<p style=\"text-align: justify;\"><strong> Lohnbearbeitungen &amp; Umschlag:<\/strong><\/p>\n<p style=\"text-align: justify;\">S\u00e4mtliche Logistik-Leistungen unseres Unternehmens bieten wir auch im Lohn an. Wir bieten unseren Kunden Getreide-Lohntrocknung, Aspiration &amp; Reinigung, sowie Sortierung und Homogenisierung von eigenen Warenpartien und gerne organisieren wir f\u00fcr Sie mittels unseres firmeneigenen Fuhrparks auch professionelle Lkw-, Bahn-, und Schiffsverladungen.<\/p>\n<p style=\"text-align: justify;\"><strong><br \/>\nGetreide-Analytik:<\/strong><\/p>\n<p style=\"text-align: justify;\">Unser Unternehmen verf\u00fcgt \u00fcber eine Vielzahl moderner Getreideanalyseger\u00e4ten, die wir auf Kundenwunsch auch f\u00fcr Lohnmessungen zur Verf\u00fcgung stellen.<\/p>\n","protected":false},"excerpt":{"rendered":"<p>&nbsp; Wir garantieren unseren Kunden eine effiziente Ernte\u00fcbernahme, sowie eine exakte Trennung der Qualit\u00e4ten und jederzeitige R\u00fcckverfolgbarkeit der einzelnen Warenpartien. Unser Unternehmen kann gleichzeitig \u00fcber 12 unabh\u00e4ngige, leistungsstarke Getreideannahmestellen an 5 Betriebsstandorten, verteilt auf das Wiener Becken, jederzeit unterschiedlichste Getreidearten aufnehmen. &nbsp; Vermarktung: Wir sind spezialisiert auf die Vermarktung von qualitativ hochwertigem, kontrolliertem Getreide und [&hellip;]<\/p>\n","protected":false},"author":2,"featured_media":0,"parent":0,"menu_order":4,"comment_status":"open","ping_status":"open","template":"","meta":[],"_links":{"self":[{"href":"https:\/\/polsterer.co.at\/cms-ah\/wp-json\/wp\/v2\/pages\/12"}],"collection":[{"href":"https:\/\/polsterer.co.at\/cms-ah\/wp-json\/wp\/v2\/pages"}],"about":[{"href":"https:\/\/polsterer.co.at\/cms-ah\/wp-json\/wp\/v2\/types\/page"}],"author":[{"embeddable":true,"href":"https:\/\/polsterer.co.at\/cms-ah\/wp-json\/wp\/v2\/users\/2"}],"replies":[{"embeddable":true,"href":"https:\/\/polsterer.co.at\/cms-ah\/wp-json\/wp\/v2\/comments?post=12"}],"version-history":[{"count":10,"href":"https:\/\/polsterer.co.at\/cms-ah\/wp-json\/wp\/v2\/pages\/12\/revisions"}],"predecessor-version":[{"id":146,"href":"https:\/\/polsterer.co.at\/cms-ah\/wp-json\/wp\/v2\/pages\/12\/revisions\/146"}],"wp:attachment":[{"href":"https:\/\/polsterer.co.at\/cms-ah\/wp-json\/wp\/v2\/media?parent=12"}],"curies":[{"name":"wp","href":"https:\/\/api.w.org\/{rel}","templated":true}]}}