{"id":6,"date":"2011-03-28T10:42:40","date_gmt":"2011-03-28T10:42:40","guid":{"rendered":"http:\/\/polsterer.co.at\/var\/www\/vhosts\/polsterer.co.at\/polstererBKP2202\/cms-ah\/?page_id=6"},"modified":"2020-10-12T09:44:07","modified_gmt":"2020-10-12T09:44:07","slug":"unternehmen","status":"publish","type":"page","link":"https:\/\/polsterer.co.at\/cms-ah\/","title":{"rendered":"Unternehmen"},"content":{"rendered":"<p>&nbsp;<\/p>\n<p><strong>Willkommen auf den Internetseiten der Firma Polsterer!<\/strong><\/p>\n<p>&nbsp;<\/p>\n<p style=\"text-align: justify;\">Polsterer Agrarhandel ist ein mittelst\u00e4ndisches Familienunternehmen im s\u00fcdlichen Nieder\u00f6sterreich.<\/p>\n<p style=\"text-align: justify;\">Das Unternehmen ist seit Mitte des 20. Jahrhunderts im Agrarhandelsbereich in Nieder\u00f6sterreich, Burgenland und West-Ungarn t\u00e4tig. Durch unser modernes und leistungsstarkes Filialnetz\u00a0 sind wir ein solider und flexibler Partner f\u00fcr die Landwirtschaft.<\/p>\n<p><img src=\"http:\/\/www.polsterer.co.at\/bilder_polsterer\/ah-unternehmen.png\" alt=\"\" \/><\/p>\n<p style=\"text-align: justify;\">Informieren Sie sich auf unseren Internetseiten \u00fcber unser Produkt-, und Leistungsangebot oder n\u00fctzen Sie einfach die M\u00f6glichkeit zu einem pers\u00f6nlichen Gespr\u00e4ch mit einem unserer kompetenten Kundenberater an einem unserer Agrarhandelsstandorte.<\/p>\n<p style=\"text-align: justify;\">\n<p>&nbsp;<\/p>\n","protected":false},"excerpt":{"rendered":"<p>&nbsp; Willkommen auf den Internetseiten der Firma Polsterer! &nbsp; Polsterer Agrarhandel ist ein mittelst\u00e4ndisches Familienunternehmen im s\u00fcdlichen Nieder\u00f6sterreich. Das Unternehmen ist seit Mitte des 20. Jahrhunderts im Agrarhandelsbereich in Nieder\u00f6sterreich, Burgenland und West-Ungarn t\u00e4tig. Durch unser modernes und leistungsstarkes Filialnetz\u00a0 sind wir ein solider und flexibler Partner f\u00fcr die Landwirtschaft. Informieren Sie sich auf unseren [&hellip;]<\/p>\n","protected":false},"author":2,"featured_media":0,"parent":0,"menu_order":1,"comment_status":"open","ping_status":"closed","template":"","meta":[],"_links":{"self":[{"href":"https:\/\/polsterer.co.at\/cms-ah\/wp-json\/wp\/v2\/pages\/6"}],"collection":[{"href":"https:\/\/polsterer.co.at\/cms-ah\/wp-json\/wp\/v2\/pages"}],"about":[{"href":"https:\/\/polsterer.co.at\/cms-ah\/wp-json\/wp\/v2\/types\/page"}],"author":[{"embeddable":true,"href":"https:\/\/polsterer.co.at\/cms-ah\/wp-json\/wp\/v2\/users\/2"}],"replies":[{"embeddable":true,"href":"https:\/\/polsterer.co.at\/cms-ah\/wp-json\/wp\/v2\/comments?post=6"}],"version-history":[{"count":25,"href":"https:\/\/polsterer.co.at\/cms-ah\/wp-json\/wp\/v2\/pages\/6\/revisions"}],"predecessor-version":[{"id":239,"href":"https:\/\/polsterer.co.at\/cms-ah\/wp-json\/wp\/v2\/pages\/6\/revisions\/239"}],"wp:attachment":[{"href":"https:\/\/polsterer.co.at\/cms-ah\/wp-json\/wp\/v2\/media?parent=6"}],"curies":[{"name":"wp","href":"https:\/\/api.w.org\/{rel}","templated":true}]}}