{"id":2,"date":"2010-04-22T18:52:25","date_gmt":"2010-04-22T18:52:25","guid":{"rendered":"http:\/\/msplhs38.bon.at\/~admin186\/cms-wm\/?page_id=2"},"modified":"2023-12-18T13:39:35","modified_gmt":"2023-12-18T13:39:35","slug":"unternehmen-2","status":"publish","type":"page","link":"https:\/\/polsterer.co.at\/cms-wm\/","title":{"rendered":"Unternehmen"},"content":{"rendered":"<h2><strong>Willkommen auf den Internetseiten der Firma Polsterer!<\/strong><\/h2>\n<p>&nbsp;<\/p>\n<p style=\"text-align: justify;\">Die Polsterer M\u00fchle ist ein mittelst\u00e4ndisches Familienunternehmen, beheimatet im s\u00fcdlichen Nieder\u00f6sterreich, welches auf die Verarbeitung von Bio-Qualit\u00e4tsgetreide aus der Region zu diversen Bio-B\u00e4cker-,\u00a0und Haushaltsmehlen spezialisiert ist.<\/p>\n<p style=\"text-align: justify;\"><img loading=\"lazy\" class=\"alignright\" src=\"http:\/\/www.polsterer.co.at\/cms-ah\/wp-content\/images\/lkw_polsterer.png\" alt=\"\" width=\"260\" height=\"215\" \/>Die Walzm\u00fchle am Standort G\u00f6tzendorf produziert seit 1875 Qualit\u00e4tsmehle f\u00fcr ihre Kunden in ganz \u00d6sterreich\u00a0und ist somit der traditionsreichste Teil der Unternehmensgruppe Polsterer.<\/p>\n<p style=\"text-align: justify;\">Informieren Sie sich auf unseren Internetseiten \u00fcber unser Produkt-, und Leistungsangebot oder n\u00fctzen Sie einfach die M\u00f6glichkeit zu einem pers\u00f6nlichen Gespr\u00e4ch mit einem unserer Mitarbeiter unter der Telefonnummer: +43 2169 2266 0.<\/p>\n<p style=\"text-align: justify;\"><span style=\"color: #ffffff;\">.<\/span><\/p>\n<p style=\"text-align: center;\"><strong>NEU!:<\/strong><\/p>\n<h1 style=\"text-align: center;\"><span style=\"color: #008080;\"><strong>BIO PIZZA MEHL<\/strong><\/span><\/h1>\n<p style=\"text-align: center;\"><strong>DIE BACKMISCHUNG\u00a0<\/strong><strong>VON POLSTERER<\/strong><\/p>\n<p style=\"text-align: center;\"><a href=\"http:\/\/polsterer.co.at\/cms-wm\/wp-content\/uploads\/Foto-Bio-Pizzamehl-Fertigmischung-3.jpg\"><img loading=\"lazy\" class=\"alignnone wp-image-414\" src=\"http:\/\/polsterer.co.at\/cms-wm\/wp-content\/uploads\/Foto-Bio-Pizzamehl-Fertigmischung-3-240x300.jpg\" alt=\"Foto Bio Pizzamehl Fertigmischung 3\" width=\"240\" height=\"300\" srcset=\"https:\/\/polsterer.co.at\/cms-wm\/wp-content\/uploads\/Foto-Bio-Pizzamehl-Fertigmischung-3-240x300.jpg 240w, https:\/\/polsterer.co.at\/cms-wm\/wp-content\/uploads\/Foto-Bio-Pizzamehl-Fertigmischung-3.jpg 675w\" sizes=\"(max-width: 240px) 100vw, 240px\" \/><\/a><\/p>\n<p style=\"text-align: center;\">Aus kontrolliert biologischem Anbau. Herkunft \u00d6sterreich.<\/p>\n<p style=\"text-align: center;\">POLSTERER BIO PIZZAMEHL erh\u00e4ltlich ab sofort ab unserer M\u00fchle in 2434 G\u00f6tzendorf bzw. per Direktversand \u00d6sterreichweit (ab 6kg)<\/p>\n<p style=\"text-align: center;\"><span style=\"color: #008080;\"><b>Wir\u00a0<\/b><b>freuen uns auf Ihren Anruf!\u00a0<\/b><b>\u00a0<\/b><\/span><\/p>\n<p style=\"text-align: center;\"><span style=\"color: #008080;\"><b>Ihr Ansprechpartner: Herr Anton Machtlinger: +43\u00a0<\/b><b>2169 \/\u00a0<\/b><b>2266-0!<\/b><\/span><\/p>\n<p style=\"text-align: justify;\"><span style=\"color: #ffffff;\"><img src=\"http:\/\/www.polsterer.co.at\/bilder_polsterer\/wm-bio.png\" alt=\"\" \/><\/span><\/p>\n<p style=\"text-align: justify;\"><a href=\"http:\/\/polsterer.co.at\/cms-wm\/wp-content\/uploads\/Logo-Roemerland-Carnuntum-V2.jpg\"><img loading=\"lazy\" class=\"wp-image-422 alignleft\" src=\"http:\/\/polsterer.co.at\/cms-wm\/wp-content\/uploads\/Logo-Roemerland-Carnuntum-V2-300x69.jpg\" alt=\"Logo Roemerland Carnuntum V2\" width=\"200\" height=\"46\" srcset=\"https:\/\/polsterer.co.at\/cms-wm\/wp-content\/uploads\/Logo-Roemerland-Carnuntum-V2-300x69.jpg 300w, https:\/\/polsterer.co.at\/cms-wm\/wp-content\/uploads\/Logo-Roemerland-Carnuntum-V2.jpg 507w\" sizes=\"(max-width: 200px) 100vw, 200px\" \/><\/a><a href=\"http:\/\/polsterer.co.at\/cms-wm\/wp-content\/uploads\/IFS-GLOBAL-MARKET-FOOD.png\"><img loading=\"lazy\" class=\"alignnone wp-image-288\" src=\"http:\/\/polsterer.co.at\/cms-wm\/wp-content\/uploads\/IFS-GLOBAL-MARKET-FOOD.png\" alt=\"IFS GLOBAL MARKET FOOD\" width=\"93\" height=\"75\" \/><\/a> <a href=\"http:\/\/polsterer.co.at\/cms-wm\/wp-content\/uploads\/image001-1-e1702906366275.png\"><img loading=\"lazy\" class=\"alignnone size-full wp-image-577\" src=\"http:\/\/polsterer.co.at\/cms-wm\/wp-content\/uploads\/image001-1-e1702906366275.png\" alt=\"\" width=\"75\" height=\"75\" \/><\/a>\u00a0 \u00a0 \u00a0<a href=\"http:\/\/polsterer.co.at\/cms-wm\/wp-content\/uploads\/Bio-Austria-Partnerlogo-10.18-V2.jpg\"><img loading=\"lazy\" class=\"alignnone wp-image-368\" src=\"http:\/\/polsterer.co.at\/cms-wm\/wp-content\/uploads\/Bio-Austria-Partnerlogo-10.18-V2.jpg\" alt=\"Bio Austria Partnerlogo 10.18 V2\" width=\"48\" height=\"75\" srcset=\"https:\/\/polsterer.co.at\/cms-wm\/wp-content\/uploads\/Bio-Austria-Partnerlogo-10.18-V2.jpg 437w, https:\/\/polsterer.co.at\/cms-wm\/wp-content\/uploads\/Bio-Austria-Partnerlogo-10.18-V2-193x300.jpg 193w\" sizes=\"(max-width: 48px) 100vw, 48px\" \/> <\/a><a href=\"http:\/\/polsterer.co.at\/cms-wm\/wp-content\/uploads\/AMA-BIO-G\u00dcTESIEGEL-1-e1446026203504.png\"><img loading=\"lazy\" class=\"alignnone size-full wp-image-282\" src=\"http:\/\/polsterer.co.at\/cms-wm\/wp-content\/uploads\/AMA-BIO-G\u00dcTESIEGEL-1-e1446026203504.png\" alt=\"\" width=\"75\" height=\"75\" \/><\/a><\/p>\n","protected":false},"excerpt":{"rendered":"<p>Willkommen auf den Internetseiten der Firma Polsterer! &nbsp; Die Polsterer M\u00fchle ist ein mittelst\u00e4ndisches Familienunternehmen, beheimatet im s\u00fcdlichen Nieder\u00f6sterreich, welches auf die Verarbeitung von Bio-Qualit\u00e4tsgetreide aus der Region zu diversen Bio-B\u00e4cker-,\u00a0und Haushaltsmehlen spezialisiert ist. Die Walzm\u00fchle am Standort G\u00f6tzendorf produziert seit 1875 Qualit\u00e4tsmehle f\u00fcr ihre Kunden in ganz \u00d6sterreich\u00a0und ist somit der traditionsreichste Teil der [&hellip;]<\/p>\n","protected":false},"author":2,"featured_media":0,"parent":0,"menu_order":1,"comment_status":"open","ping_status":"closed","template":"","meta":[],"_links":{"self":[{"href":"https:\/\/polsterer.co.at\/cms-wm\/wp-json\/wp\/v2\/pages\/2"}],"collection":[{"href":"https:\/\/polsterer.co.at\/cms-wm\/wp-json\/wp\/v2\/pages"}],"about":[{"href":"https:\/\/polsterer.co.at\/cms-wm\/wp-json\/wp\/v2\/types\/page"}],"author":[{"embeddable":true,"href":"https:\/\/polsterer.co.at\/cms-wm\/wp-json\/wp\/v2\/users\/2"}],"replies":[{"embeddable":true,"href":"https:\/\/polsterer.co.at\/cms-wm\/wp-json\/wp\/v2\/comments?post=2"}],"version-history":[{"count":72,"href":"https:\/\/polsterer.co.at\/cms-wm\/wp-json\/wp\/v2\/pages\/2\/revisions"}],"predecessor-version":[{"id":283,"href":"https:\/\/polsterer.co.at\/cms-wm\/wp-json\/wp\/v2\/pages\/2\/revisions\/283"}],"wp:attachment":[{"href":"https:\/\/polsterer.co.at\/cms-wm\/wp-json\/wp\/v2\/media?parent=2"}],"curies":[{"name":"wp","href":"https:\/\/api.w.org\/{rel}","templated":true}]}}