{"id":5,"date":"2010-04-27T12:00:16","date_gmt":"2010-04-27T12:00:16","guid":{"rendered":"http:\/\/polsterer.co.at\/var\/www\/vhosts\/polsterer.co.at\/polstererBKP2202\/cms-wm\/?page_id=5"},"modified":"2023-12-01T10:11:11","modified_gmt":"2023-12-01T10:11:11","slug":"news","status":"publish","type":"page","link":"https:\/\/polsterer.co.at\/cms-wm\/news","title":{"rendered":"News"},"content":{"rendered":"<p><strong>NEU!<strong>:<\/strong><\/strong><\/p>\n<h1 style=\"text-align: left;\"><span style=\"color: #008080;\"><strong>BIO PIZZA MEHL <\/strong><\/span><\/h1>\n<p style=\"text-align: left;\"><strong>\u00a0DIE BACKMISCHUNG\u00a0<\/strong><strong>VON POLSTERER<\/strong><\/p>\n<p style=\"text-align: left;\"><a href=\"http:\/\/polsterer.co.at\/cms-wm\/wp-content\/uploads\/Foto-Bio-Pizzamehl-Fertigmischung-3.jpg\"><img loading=\"lazy\" class=\"alignnone size-medium wp-image-414\" src=\"http:\/\/polsterer.co.at\/cms-wm\/wp-content\/uploads\/Foto-Bio-Pizzamehl-Fertigmischung-3-240x300.jpg\" alt=\"Foto Bio Pizzamehl Fertigmischung 3\" width=\"240\" height=\"300\" srcset=\"https:\/\/polsterer.co.at\/cms-wm\/wp-content\/uploads\/Foto-Bio-Pizzamehl-Fertigmischung-3-240x300.jpg 240w, https:\/\/polsterer.co.at\/cms-wm\/wp-content\/uploads\/Foto-Bio-Pizzamehl-Fertigmischung-3.jpg 675w\" sizes=\"(max-width: 240px) 100vw, 240px\" \/><\/a><\/p>\n<p style=\"text-align: left;\">Aus konrtolliert biologischem Anbau. Herkunft \u00d6sterreich.<\/p>\n<p style=\"text-align: left;\">POLSTERER BIO PIZZAMEHL erh\u00e4ltlich ab sofort ab unserer M\u00fchle in 2434 G\u00f6tzendorf bzw. per Direktversand \u00d6sterreichweit (ab 6kg)<\/p>\n<p style=\"text-align: left;\"><b>Wir <\/b><b>freuen uns auf Ihren Anruf! <\/b><b>\u00a0Ihr Ansprechpartner: Herr Anton Machtlinger: +43 <\/b><b>2169 \/ <\/b><b>2266-0!<\/b><\/p>\n<p>&nbsp;<\/p>\n<p>&nbsp;<\/p>\n<p><img src=\"http:\/\/www.polsterer.co.at\/cms-wm\/wp-content\/bilder\/mitarbeiter-gesucht.png\" alt=\"\" \/><\/p>\n<p><strong>Mitarbeiter\/in gesucht:<\/strong><\/p>\n<p>Zur Verst\u00e4rkung unseres Teams suchen wir aktuell zuverl\u00e4ssige und flexible Mitarbeiter f\u00fcr die Bereiche:<\/p>\n<h2 style=\"padding-left: 30px;\"><span style=\"color: #008080;\"><strong>SILOARBEITER<\/strong><\/span><\/h2>\n<h2 style=\"padding-left: 30px;\"><span style=\"color: #008080;\"><strong>BETRIEBSELEKTRIKER<\/strong><\/span><strong><span style=\"color: #008080;\"><br \/>\n<\/span><\/strong><\/h2>\n<p>Von Vorteil: landwirtschaftliche Kenntnisse, Staplerschein<\/p>\n<p>F\u00fchrerschein B ist notwendig, Arbeitszeit nach Absprache, Entlohnung nach Vereinbarung<\/p>\n<p>Bewerbungen\u00a0 schriftlich oder telefonisch an: Heinrich Polsterer GmbH &amp; Co KG, Mannersdorferstrasse 12, 2434 G\u00f6tzendorf, Tel: 02169 \/ 22 66-0,<\/p>\n<p>Fax: DW 12, e-mail: office@polsterer.co.at&#8220;<\/p>\n<p>&nbsp;<\/p>\n<p>&nbsp;<\/p>\n","protected":false},"excerpt":{"rendered":"<p>NEU!: BIO PIZZA MEHL \u00a0DIE BACKMISCHUNG\u00a0VON POLSTERER Aus konrtolliert biologischem Anbau. Herkunft \u00d6sterreich. POLSTERER BIO PIZZAMEHL erh\u00e4ltlich ab sofort ab unserer M\u00fchle in 2434 G\u00f6tzendorf bzw. per Direktversand \u00d6sterreichweit (ab 6kg) Wir freuen uns auf Ihren Anruf! \u00a0Ihr Ansprechpartner: Herr Anton Machtlinger: +43 2169 \/ 2266-0! &nbsp; &nbsp; Mitarbeiter\/in gesucht: Zur Verst\u00e4rkung unseres Teams suchen [&hellip;]<\/p>\n","protected":false},"author":2,"featured_media":0,"parent":0,"menu_order":2,"comment_status":"open","ping_status":"closed","template":"","meta":[],"_links":{"self":[{"href":"https:\/\/polsterer.co.at\/cms-wm\/wp-json\/wp\/v2\/pages\/5"}],"collection":[{"href":"https:\/\/polsterer.co.at\/cms-wm\/wp-json\/wp\/v2\/pages"}],"about":[{"href":"https:\/\/polsterer.co.at\/cms-wm\/wp-json\/wp\/v2\/types\/page"}],"author":[{"embeddable":true,"href":"https:\/\/polsterer.co.at\/cms-wm\/wp-json\/wp\/v2\/users\/2"}],"replies":[{"embeddable":true,"href":"https:\/\/polsterer.co.at\/cms-wm\/wp-json\/wp\/v2\/comments?post=5"}],"version-history":[{"count":70,"href":"https:\/\/polsterer.co.at\/cms-wm\/wp-json\/wp\/v2\/pages\/5\/revisions"}],"predecessor-version":[{"id":570,"href":"https:\/\/polsterer.co.at\/cms-wm\/wp-json\/wp\/v2\/pages\/5\/revisions\/570"}],"wp:attachment":[{"href":"https:\/\/polsterer.co.at\/cms-wm\/wp-json\/wp\/v2\/media?parent=5"}],"curies":[{"name":"wp","href":"https:\/\/api.w.org\/{rel}","templated":true}]}}