{"id":7,"date":"2010-04-27T12:18:41","date_gmt":"2010-04-27T12:18:41","guid":{"rendered":"http:\/\/polsterer.co.at\/var\/www\/vhosts\/polsterer.co.at\/polstererBKP2202\/cms-wm\/?page_id=7"},"modified":"2020-10-12T09:16:25","modified_gmt":"2020-10-12T09:16:25","slug":"produkte","status":"publish","type":"page","link":"https:\/\/polsterer.co.at\/cms-wm\/produkte","title":{"rendered":"Produkte"},"content":{"rendered":"<h2 style=\"text-align: justify;\"><\/h2>\n<p style=\"text-align: justify;\"><strong>Wir haben f\u00fcr jeden Bedarf das geeignete Mehl.<\/strong><\/p>\n<p style=\"text-align: justify;\">Die Polsterer M\u00fchle G\u00f6tzendorf, N\u00d6, bietet Ihren Kunden s\u00e4mtliche Qualit\u00e4tsmehle und Schrote, sowohl aus biologischem, als auch aus konventionellem Anbau. Unser Produktprogramm umfasst Mahlprodukte gewonnen aus den Rohstoffen Weizen, Roggen, Dinkel, Gerste und Mais. Wir bieten ein breites Produktsortiment f\u00fcr die Lebensmittelindustrie, gewerbliche B\u00e4ckereibetriebe, Gro\u00dfh\u00e4ndler, die Gastronomie sowie den Privathaushalt.<\/p>\n<p style=\"text-align: justify;\">Unsere Qualit\u00e4tsmehle sind w\u00e4hrend unserer Gesch\u00e4ftszeiten in einem unserer Filialbetreibe erh\u00e4ltlich, gerne liefern wir Ihnen unsere Qualit\u00e4tsmehle auch frei Haus (Direktversand \u00f6sterreichweit (ab 6kg). Ein gut organisierter und leistungsstarker Fuhrpark, sowie unser engagiertes und kompetentes Mitarbeiterteam steht Ihnen jederzeit zur Verf\u00fcgung (+43 2169 2266 &#8211; 0).<\/p>\n<p style=\"text-align: justify;\">Unser oberstes Ziel ist seit jeher die Zufriedenheit unserer Kunden. Durch unsere flexible Unternehmensstruktur und unsere Kundenn\u00e4he sind wir jederzeit in der Lage, auch auf besondere W\u00fcnsche unserer Abnehmer einzugehen, und gemeinsam die besten L\u00f6sungen zu entwickeln.<\/p>\n<p><strong>\u00a0\u00a0\u00a0\u00a0\u00a0\u00a0\u00a0\u00a0\u00a0 \u00a0\u00a0\u00a0\u00a0\u00a0\u00a0\u00a0\u00a0 \u00a0\u00a0\u00a0\u00a0\u00a0 <a href=\"http:\/\/polsterer.co.at\/cms-wm\/wp-content\/uploads\/Polsterer-M\u00fchle-Briefkopf-e1446714450469.jpg\"><img loading=\"lazy\" class=\"wp-image-312 alignnone\" src=\"http:\/\/polsterer.co.at\/cms-wm\/wp-content\/uploads\/Polsterer-M\u00fchle-Briefkopf-e1446714450469.jpg\" alt=\"Polsterer M\u00fchle Briefkopf\" width=\"314\" height=\"150\" srcset=\"https:\/\/polsterer.co.at\/cms-wm\/wp-content\/uploads\/Polsterer-M\u00fchle-Briefkopf-e1446714450469.jpg 350w, https:\/\/polsterer.co.at\/cms-wm\/wp-content\/uploads\/Polsterer-M\u00fchle-Briefkopf-e1446714450469-300x143.jpg 300w\" sizes=\"(max-width: 314px) 100vw, 314px\" \/><\/a><\/strong><\/p>\n<p>&nbsp;<\/p>\n<p><span style=\"color: #008080;\"><strong>Folgende Bio-Mehlsorten von\u00a0Polsterer\u00a0sind in der <strong>1 kg Haushaltspackung <\/strong>jederzeit bei uns in der M\u00fchle<\/strong><strong>, bzw. per Direktversand \u00f6sterreichweit (ab 6kg) erh\u00e4ltlich:<\/strong><\/span><\/p>\n<p>&nbsp;<\/p>\n<ul>\n<li><strong>Bio\u00a0Weizenmehl Type 480 glatt oder griffig<\/strong>,\u00a0Herkunft \u00d6sterreich, Region Carnuntum<\/li>\n<li><strong>Bio Weizenmehl Type 700<\/strong> , Herkunft \u00d6sterreich, Region Carnuntum<\/li>\n<li><strong>Bio Weizenvollmehl<\/strong>\u00a0, Herkunft \u00d6sterreich, Region Carnuntum<\/li>\n<li><strong>Bio Roggenmehl Type 960<\/strong>\u00a0, Herkunft \u00d6sterreich, Region Carnuntum<\/li>\n<li><strong>Bio Roggenvollmehl<\/strong>\u00a0, Herkunft \u00d6sterreich, Region Carnuntum<\/li>\n<li><strong>Bio Dinkelmehl Type 900<\/strong>\u00a0, Herkunft \u00d6sterreich, Region Carnuntum<\/li>\n<li><strong>Bio Dinkelvollmehl<\/strong>\u00a0, Herkunft \u00d6sterreich, Region Carnuntum<\/li>\n<li><strong>POLSTERER BIO PIZZAMEHL, <\/strong>Backmischung,\u00a0Herkunft \u00d6sterreich,\u00a0 Bio kbA<\/li>\n<\/ul>\n<p style=\"text-align: left;\"><span style=\"color: #008080;\"><b>Wir\u00a0<\/b><b>freuen uns auf Ihren Anruf!\u00a0<\/b><b>\u00a0<\/b><\/span><\/p>\n<p style=\"text-align: left;\"><span style=\"color: #008080;\"><b>Ihr Ansprechpartner: Herr Anton Machtlinger: +43\u00a0<\/b><b>2169 \/\u00a0<\/b><b>2266-0!<\/b><\/span><\/p>\n<p>&nbsp;<\/p>\n<p><strong>Nachfolgend finden Sie einen Auszug aus unserem Produktprogramm (lieferbar auf Kundenwunsch),<\/strong><\/p>\n<p><strong>S\u00e4mtliche Mehle sind in biologischer als auch konventioneller Qualit\u00e4t erh\u00e4ltlich:<\/strong><\/p>\n<p><strong>Aus Weizen:<\/strong><\/p>\n<ul>\n<li>Weizenmehl Type 480 glatt und griffig<\/li>\n<li>Weizengrie\u00df Type 480<\/li>\n<li>Semmelmehl Type 700 &#8211; B\u00e4cker spezial<\/li>\n<li>Weizenmehl Type 1300 &#8211; Mischmehl<\/li>\n<li>Weizenmehl Type 1600 &#8211; Weizenbrotmehl<\/li>\n<li>Weizenvollmehl<\/li>\n<li>Weizenschrote<\/li>\n<li>Pizzamehl Spezial Type 480 und 700<\/li>\n<\/ul>\n<p><span style=\"color: #ffffff;\">.<\/span><\/p>\n<p><strong>Aus Roggen:<\/strong><\/p>\n<ul>\n<li>Mehl Type 500 &#8211; Vorschussmehl<\/li>\n<li>Mehl Type 960 &#8211; Roggenbrotmehl<\/li>\n<li>Mehl Type 2500 &#8211; Schwarzroggenmehl<\/li>\n<li>Roggenvollmehl<\/li>\n<li>Roggenvollkornschrote<\/li>\n<li>Roggenvollkorn geschnitten<\/li>\n<\/ul>\n<p><span style=\"color: #ffffff;\">.<\/span><\/p>\n<p><strong>Aus Dinkel:<\/strong><\/p>\n<ul>\n<li>Dinkelmehl Type 700<\/li>\n<li>Dinkelmehl Type 900<\/li>\n<li>Dinkelvollmehl<\/li>\n<li>Dinkelschrote<\/li>\n<\/ul>\n<p><span style=\"color: #ffffff;\">.<\/span><\/p>\n<p><strong>Aus Mais:<\/strong><\/p>\n<ul>\n<li>Maisgr\u00fctze<\/li>\n<li>Maisgrie\u00df<\/li>\n<li>Maismehl<\/li>\n<\/ul>\n<p><span style=\"color: #ffffff;\">.<\/span><\/p>\n<p><strong>Weitere Produkte:<\/strong><\/p>\n<ul>\n<li>POLSTERER BIO PIZZAMEHL,\u00a0Backmischung<\/li>\n<li>Weizenkleie<\/li>\n<li>Weizenfuttermehl<\/li>\n<\/ul>\n<p style=\"text-align: justify;\"><span style=\"color: #ffffff;\">.<\/span><\/p>\n<p style=\"text-align: justify;\">Unsere Produkte sind lose im Tankwagen, im Container, in Papierventils\u00e4cken diverser Gr\u00f6\u00dfen, bzw. in der 1kg Haushaltspackung lieferbar.<\/p>\n<p style=\"text-align: justify;\"><b>Wir\u00a0<\/b><b>freuen uns auf Ihren Anruf!\u00a0<\/b><b>\u00a0Ihr Ansprechpartner: Herr Anton Machtlinger: +43\u00a0<\/b><b>2169 \/\u00a0<\/b><b>2266-0!<\/b><\/p>\n<p style=\"text-align: justify;\"><strong>\u00a0<\/strong><\/p>\n","protected":false},"excerpt":{"rendered":"<p>Wir haben f\u00fcr jeden Bedarf das geeignete Mehl. Die Polsterer M\u00fchle G\u00f6tzendorf, N\u00d6, bietet Ihren Kunden s\u00e4mtliche Qualit\u00e4tsmehle und Schrote, sowohl aus biologischem, als auch aus konventionellem Anbau. Unser Produktprogramm umfasst Mahlprodukte gewonnen aus den Rohstoffen Weizen, Roggen, Dinkel, Gerste und Mais. Wir bieten ein breites Produktsortiment f\u00fcr die Lebensmittelindustrie, gewerbliche B\u00e4ckereibetriebe, Gro\u00dfh\u00e4ndler, die Gastronomie [&hellip;]<\/p>\n","protected":false},"author":2,"featured_media":0,"parent":0,"menu_order":3,"comment_status":"open","ping_status":"closed","template":"","meta":[],"_links":{"self":[{"href":"https:\/\/polsterer.co.at\/cms-wm\/wp-json\/wp\/v2\/pages\/7"}],"collection":[{"href":"https:\/\/polsterer.co.at\/cms-wm\/wp-json\/wp\/v2\/pages"}],"about":[{"href":"https:\/\/polsterer.co.at\/cms-wm\/wp-json\/wp\/v2\/types\/page"}],"author":[{"embeddable":true,"href":"https:\/\/polsterer.co.at\/cms-wm\/wp-json\/wp\/v2\/users\/2"}],"replies":[{"embeddable":true,"href":"https:\/\/polsterer.co.at\/cms-wm\/wp-json\/wp\/v2\/comments?post=7"}],"version-history":[{"count":53,"href":"https:\/\/polsterer.co.at\/cms-wm\/wp-json\/wp\/v2\/pages\/7\/revisions"}],"predecessor-version":[{"id":494,"href":"https:\/\/polsterer.co.at\/cms-wm\/wp-json\/wp\/v2\/pages\/7\/revisions\/494"}],"wp:attachment":[{"href":"https:\/\/polsterer.co.at\/cms-wm\/wp-json\/wp\/v2\/media?parent=7"}],"curies":[{"name":"wp","href":"https:\/\/api.w.org\/{rel}","templated":true}]}}